{"id":2365,"date":"2023-12-10T17:15:26","date_gmt":"2023-12-10T14:15:26","guid":{"rendered":"https:\/\/vahitmutlu.com.tr\/blog\/"},"modified":"2024-07-04T22:29:52","modified_gmt":"2024-07-04T19:29:52","slug":"blog","status":"publish","type":"page","link":"https:\/\/vahitmutlu.com.tr\/en\/blog\/","title":{"rendered":"Blog"},"content":{"rendered":"\t\t<div data-elementor-type=\"wp-page\" data-elementor-id=\"2365\" class=\"elementor elementor-2365 elementor-621\" data-elementor-post-type=\"page\">\n\t\t\t\t\t\t\t<div class=\"elementor-element elementor-element-4a0ed60 e-flex e-con-boxed e-con e-parent\" data-id=\"4a0ed60\" data-element_type=\"container\" data-settings=\"{&quot;content_width&quot;:&quot;boxed&quot;}\" data-core-v316-plus=\"true\">\n\t\t\t\t\t<div class=\"e-con-inner\">\n\t\t\t\t<div class=\"elementor-element elementor-element-7891b9c elementor-widget elementor-widget-heading\" data-id=\"7891b9c\" data-element_type=\"widget\" data-widget_type=\"heading.default\">\n\t\t\t\t<div class=\"elementor-widget-container\">\n\t\t\t<style>\/*! elementor - v3.18.0 - 08-12-2023 *\/\n.elementor-heading-title{padding:0;margin:0;line-height:1}.elementor-widget-heading .elementor-heading-title[class*=elementor-size-]>a{color:inherit;font-size:inherit;line-height:inherit}.elementor-widget-heading .elementor-heading-title.elementor-size-small{font-size:15px}.elementor-widget-heading .elementor-heading-title.elementor-size-medium{font-size:19px}.elementor-widget-heading .elementor-heading-title.elementor-size-large{font-size:29px}.elementor-widget-heading .elementor-heading-title.elementor-size-xl{font-size:39px}.elementor-widget-heading .elementor-heading-title.elementor-size-xxl{font-size:59px}<\/style><h1 class=\"elementor-heading-title elementor-size-default\">Blog<\/h1>\t\t<\/div>\n\t\t\t\t<\/div>\n\t\t\t\t\t<\/div>\n\t\t\t\t<\/div>\n\t\t<div class=\"elementor-element elementor-element-91d4e0c e-flex e-con-boxed e-con e-parent\" data-id=\"91d4e0c\" data-element_type=\"container\" data-settings=\"{&quot;content_width&quot;:&quot;boxed&quot;}\" data-core-v316-plus=\"true\">\n\t\t\t\t\t<div class=\"e-con-inner\">\n\t\t<div class=\"elementor-element elementor-element-0a556e5 e-con-full e-flex e-con e-child\" data-id=\"0a556e5\" data-element_type=\"container\" data-settings=\"{&quot;content_width&quot;:&quot;full&quot;}\">\n\t\t\t\t<div class=\"elementor-element elementor-element-7770e90 elementor-widget elementor-widget-mfn_blog\" data-id=\"7770e90\" data-element_type=\"widget\" data-widget_type=\"mfn_blog.default\">\n\t\t\t\t<div class=\"elementor-widget-container\">\n\t\t\t<div class=\"column_filters\"><div class=\"blog_wrapper isotope_wrapper clearfix\"><div class=\"posts_group lm_wrapper col-2 grid\"><article class=\"post post-item isotope-item clearfix post-2374 type-post status-publish format-standard has-post-thumbnail hentry category-news\" style=\"\"><div class=\"date_label\">6 June 2024<\/div><div class=\"image_frame post-photo-wrapper scale-with-grid image\"><div class=\"image_wrapper\"><a href=\"https:\/\/vahitmutlu.com.tr\/en\/general-surgery-emergencies-book\/\"><div class=\"mask\"><\/div><img fetchpriority=\"high\" decoding=\"async\" width=\"960\" height=\"480\" src=\"https:\/\/vahitmutlu.com.tr\/wp-content\/uploads\/2024\/06\/the-book-web-cover-960x480.png\" class=\"scale-with-grid wp-post-image\" alt=\"\" \/><\/a><div class=\"image_links double\"><a class=\"zoom \"  rel=\"prettyphoto\" href=\"https:\/\/vahitmutlu.com.tr\/wp-content\/uploads\/2024\/06\/the-book-web-cover.png\"><svg viewBox=\"0 0 26 26\"><defs><style>.path{fill:none;stroke:#333;stroke-miterlimit:10;stroke-width:1.5px;}<\/style><\/defs><circle cx=\"11.35\" cy=\"11.35\" r=\"6\" class=\"path\"><\/circle><line x1=\"15.59\" y1=\"15.59\" x2=\"20.65\" y2=\"20.65\" class=\"path\"><\/line><\/svg><\/a><a class=\"link \"  href=\"https:\/\/vahitmutlu.com.tr\/en\/general-surgery-emergencies-book\/\"><svg viewBox=\"0 0 26 26\"><defs><style>.path{fill:none;stroke:#333;stroke-miterlimit:10;stroke-width:1.5px;}<\/style><\/defs><g><path d=\"M10.17,8.76l2.12-2.12a5,5,0,0,1,7.07,0h0a5,5,0,0,1,0,7.07l-2.12,2.12\" class=\"path\"><\/path><path d=\"M15.83,17.24l-2.12,2.12a5,5,0,0,1-7.07,0h0a5,5,0,0,1,0-7.07l2.12-2.12\" class=\"path\"><\/path><line x1=\"10.17\" y1=\"15.83\" x2=\"15.83\" y2=\"10.17\" class=\"path\"><\/line><\/g><\/svg><\/a><\/div><\/div><\/div><div class=\"post-desc-wrapper bg- has-custom-bg\" style=\"\"><div class=\"post-desc\"><div class=\"post-head\"><div class=\"post-meta clearfix\"><div class=\"author-date\"><span class=\"vcard author post-author\"><span class=\"label\">Yazar <\/span><i class=\"icon-user\" aria-label=\"author\"><\/i> <span class=\"fn\"><a href=\"https:\/\/vahitmutlu.com.tr\/en\/author\/yonetici\/\">yonetici<\/a><\/span><\/span> <span class=\"date\"><span class=\"label\">Tarih <\/span><i class=\"icon-clock\" aria-label=\"published\"><\/i> <span class=\"post-date updated\">6 June 2024<\/span><\/span><\/div><div class=\"category\"><span class=\"cat-btn\">Kategori <i class=\"icon-down-dir\" aria-hidden=\"true\"><\/i><\/span><div class=\"cat-wrapper\"><ul class=\"post-categories\">\n\t<li><a href=\"https:\/\/vahitmutlu.com.tr\/en\/category\/news\/\" rel=\"category tag\">News<\/a><\/li><\/ul><\/div><\/div><\/div><\/div><div class=\"post-title\"><h6 class=\"entry-title\" itemprop=\"headline\"><a href=\"https:\/\/vahitmutlu.com.tr\/en\/general-surgery-emergencies-book\/\">General Surgery Emergencies Book<\/a><\/h6><\/div><div class=\"post-footer\"><div class=\"button-love\"><span class=\"love-text\">Be\u011fediniz mi?<\/span><\/div><div class=\"post-links\"><i class=\"icon-comment-empty-fa\" aria-label=\"number of comments\"><\/i> <a href=\"https:\/\/vahitmutlu.com.tr\/en\/general-surgery-emergencies-book\/#respond\" class=\"post-comments\">0<\/a><i class=\"icon-doc-text\" aria-hidden=\"true\"><\/i> <a href=\"https:\/\/vahitmutlu.com.tr\/en\/general-surgery-emergencies-book\/\" class=\"post-more\">Devam\u0131<\/a><\/div><\/div><\/div><\/div><\/article><article class=\"post post-item isotope-item clearfix post-2375 type-post status-publish format-standard has-post-thumbnail hentry category-news\" style=\"\"><div class=\"date_label\">10 December 2023<\/div><div class=\"image_frame post-photo-wrapper scale-with-grid image\"><div class=\"image_wrapper\"><a href=\"https:\/\/vahitmutlu.com.tr\/en\/14387-stones-removed-from-gallbladder-guinness-record-application-filed\/\"><div class=\"mask\"><\/div><img decoding=\"async\" width=\"750\" height=\"421\" src=\"https:\/\/vahitmutlu.com.tr\/wp-content\/uploads\/2023\/12\/vahit-mutlu-guinness-rekorlar-kitabi.webp\" class=\"scale-with-grid wp-post-image\" alt=\"\" srcset=\"https:\/\/vahitmutlu.com.tr\/wp-content\/uploads\/2023\/12\/vahit-mutlu-guinness-rekorlar-kitabi.webp 750w, https:\/\/vahitmutlu.com.tr\/wp-content\/uploads\/2023\/12\/vahit-mutlu-guinness-rekorlar-kitabi-500x281.webp 500w, https:\/\/vahitmutlu.com.tr\/wp-content\/uploads\/2023\/12\/vahit-mutlu-guinness-rekorlar-kitabi-300x168.webp 300w, https:\/\/vahitmutlu.com.tr\/wp-content\/uploads\/2023\/12\/vahit-mutlu-guinness-rekorlar-kitabi-134x75.webp 134w, https:\/\/vahitmutlu.com.tr\/wp-content\/uploads\/2023\/12\/vahit-mutlu-guinness-rekorlar-kitabi-480x269.webp 480w\" sizes=\"(max-width:767px) 480px, 750px\" \/><\/a><div class=\"image_links double\"><a class=\"zoom \"  rel=\"prettyphoto\" href=\"https:\/\/vahitmutlu.com.tr\/wp-content\/uploads\/2023\/12\/vahit-mutlu-guinness-rekorlar-kitabi.webp\"><svg viewBox=\"0 0 26 26\"><defs><style>.path{fill:none;stroke:#333;stroke-miterlimit:10;stroke-width:1.5px;}<\/style><\/defs><circle cx=\"11.35\" cy=\"11.35\" r=\"6\" class=\"path\"><\/circle><line x1=\"15.59\" y1=\"15.59\" x2=\"20.65\" y2=\"20.65\" class=\"path\"><\/line><\/svg><\/a><a class=\"link \"  href=\"https:\/\/vahitmutlu.com.tr\/en\/14387-stones-removed-from-gallbladder-guinness-record-application-filed\/\"><svg viewBox=\"0 0 26 26\"><defs><style>.path{fill:none;stroke:#333;stroke-miterlimit:10;stroke-width:1.5px;}<\/style><\/defs><g><path d=\"M10.17,8.76l2.12-2.12a5,5,0,0,1,7.07,0h0a5,5,0,0,1,0,7.07l-2.12,2.12\" class=\"path\"><\/path><path d=\"M15.83,17.24l-2.12,2.12a5,5,0,0,1-7.07,0h0a5,5,0,0,1,0-7.07l2.12-2.12\" class=\"path\"><\/path><line x1=\"10.17\" y1=\"15.83\" x2=\"15.83\" y2=\"10.17\" class=\"path\"><\/line><\/g><\/svg><\/a><\/div><\/div><\/div><div class=\"post-desc-wrapper bg- has-custom-bg\" style=\"\"><div class=\"post-desc\"><div class=\"post-head\"><div class=\"post-meta clearfix\"><div class=\"author-date\"><span class=\"vcard author post-author\"><span class=\"label\">Yazar <\/span><i class=\"icon-user\" aria-label=\"author\"><\/i> <span class=\"fn\"><a href=\"https:\/\/vahitmutlu.com.tr\/en\/author\/yonetici\/\">yonetici<\/a><\/span><\/span> <span class=\"date\"><span class=\"label\">Tarih <\/span><i class=\"icon-clock\" aria-label=\"published\"><\/i> <span class=\"post-date updated\">10 December 2023<\/span><\/span><\/div><div class=\"category\"><span class=\"cat-btn\">Kategori <i class=\"icon-down-dir\" aria-hidden=\"true\"><\/i><\/span><div class=\"cat-wrapper\"><ul class=\"post-categories\">\n\t<li><a href=\"https:\/\/vahitmutlu.com.tr\/en\/category\/news\/\" rel=\"category tag\">News<\/a><\/li><\/ul><\/div><\/div><\/div><\/div><div class=\"post-title\"><h6 class=\"entry-title\" itemprop=\"headline\"><a href=\"https:\/\/vahitmutlu.com.tr\/en\/14387-stones-removed-from-gallbladder-guinness-record-application-filed\/\">14,387 Stones Removed from Gallbladder, Guinness Record Application Filed<\/a><\/h6><\/div><div class=\"post-footer\"><div class=\"button-love\"><span class=\"love-text\">Be\u011fediniz mi?<\/span><\/div><div class=\"post-links\"><i class=\"icon-comment-empty-fa\" aria-label=\"number of comments\"><\/i> <a href=\"https:\/\/vahitmutlu.com.tr\/en\/14387-stones-removed-from-gallbladder-guinness-record-application-filed\/#respond\" class=\"post-comments\">0<\/a><i class=\"icon-doc-text\" aria-hidden=\"true\"><\/i> <a href=\"https:\/\/vahitmutlu.com.tr\/en\/14387-stones-removed-from-gallbladder-guinness-record-application-filed\/\" class=\"post-more\">Devam\u0131<\/a><\/div><\/div><\/div><\/div><\/article><\/div><\/div>\n<\/div>\n\t\t<\/div>\n\t\t\t\t<\/div>\n\t\t\t\t<\/div>\n\t\t<div class=\"elementor-element elementor-element-774cd5d e-con-full e-flex e-con e-child\" data-id=\"774cd5d\" data-element_type=\"container\" data-settings=\"{&quot;content_width&quot;:&quot;full&quot;}\">\n\t\t\t\t<\/div>\n\t\t\t\t\t<\/div>\n\t\t\t\t<\/div>\n\t\t\t\t\t\t\t<\/div>\n\t\t","protected":false},"excerpt":{"rendered":"<p>Blog 17 \u015eubat 2024 &nbsp; &nbsp; Yazar yonetici Tarih 17 \u015eubat 2024Kategori Haberler Praesent sed euismod tortor Be\u011fediniz mi? 0 Devam\u0131 17 \u015eubat 2024 &nbsp; &nbsp;<span class=\"excerpt-hellip\"> [\u2026]<\/span><\/p>\n","protected":false},"author":1,"featured_media":0,"parent":0,"menu_order":0,"comment_status":"closed","ping_status":"closed","template":"","meta":{"footnotes":""},"class_list":["post-2365","page","type-page","status-publish","hentry"],"aioseo_notices":[],"yoast_head":"<!-- This site is optimized with the Yoast SEO plugin v22.0 - https:\/\/yoast.com\/wordpress\/plugins\/seo\/ -->\n<title>Obesity and Health Blog - Op. Dr. Vahit Mutlu<\/title>\n<meta name=\"description\" content=\"Welcome to our blog on Obesity and Healthy Living, filled with information. Take steps towards a healthy lifestyle with expert advice and current articles.\" \/>\n<meta name=\"robots\" content=\"index, follow, max-snippet:-1, max-image-preview:large, max-video-preview:-1\" \/>\n<link rel=\"canonical\" href=\"https:\/\/vahitmutlu.com.tr\/en\/blog\/\" \/>\n<meta property=\"og:locale\" content=\"en_US\" \/>\n<meta property=\"og:type\" content=\"article\" \/>\n<meta property=\"og:title\" content=\"Obesity and Health Blog - Op. Dr. Vahit Mutlu\" \/>\n<meta property=\"og:description\" content=\"Welcome to our blog on Obesity and Healthy Living, filled with information. Take steps towards a healthy lifestyle with expert advice and current articles.\" \/>\n<meta property=\"og:url\" content=\"https:\/\/vahitmutlu.com.tr\/en\/blog\/\" \/>\n<meta property=\"og:site_name\" content=\"Op. Dr. Vahit Mutlu\" \/>\n<meta property=\"article:modified_time\" content=\"2024-07-04T19:29:52+00:00\" \/>\n<meta property=\"og:image\" content=\"https:\/\/vahitmutlu.com.tr\/wp-content\/uploads\/2024\/02\/Ozofagus-Kanseri-960x750.webp\" \/>\n<meta name=\"twitter:card\" content=\"summary_large_image\" \/>\n<meta name=\"twitter:label1\" content=\"Est. reading time\" \/>\n\t<meta name=\"twitter:data1\" content=\"2 minutes\" \/>\n<script type=\"application\/ld+json\" class=\"yoast-schema-graph\">{\"@context\":\"https:\/\/schema.org\",\"@graph\":[{\"@type\":\"WebPage\",\"@id\":\"https:\/\/vahitmutlu.com.tr\/en\/blog\/\",\"url\":\"https:\/\/vahitmutlu.com.tr\/en\/blog\/\",\"name\":\"Obesity and Health Blog - Op. Dr. Vahit Mutlu\",\"isPartOf\":{\"@id\":\"https:\/\/vahitmutlu.com.tr\/en\/#website\"},\"datePublished\":\"2023-12-10T14:15:26+00:00\",\"dateModified\":\"2024-07-04T19:29:52+00:00\",\"description\":\"Welcome to our blog on Obesity and Healthy Living, filled with information. Take steps towards a healthy lifestyle with expert advice and current articles.\",\"breadcrumb\":{\"@id\":\"https:\/\/vahitmutlu.com.tr\/en\/blog\/#breadcrumb\"},\"inLanguage\":\"en-US\",\"potentialAction\":[{\"@type\":\"ReadAction\",\"target\":[\"https:\/\/vahitmutlu.com.tr\/en\/blog\/\"]}]},{\"@type\":\"BreadcrumbList\",\"@id\":\"https:\/\/vahitmutlu.com.tr\/en\/blog\/#breadcrumb\",\"itemListElement\":[{\"@type\":\"ListItem\",\"position\":1,\"name\":\"Home\",\"item\":\"https:\/\/vahitmutlu.com.tr\/en\/\"},{\"@type\":\"ListItem\",\"position\":2,\"name\":\"Blog\"}]},{\"@type\":\"WebSite\",\"@id\":\"https:\/\/vahitmutlu.com.tr\/en\/#website\",\"url\":\"https:\/\/vahitmutlu.com.tr\/en\/\",\"name\":\"Op. Dr. Vahit Mutlu\",\"description\":\"\",\"publisher\":{\"@id\":\"https:\/\/vahitmutlu.com.tr\/en\/#organization\"},\"potentialAction\":[{\"@type\":\"SearchAction\",\"target\":{\"@type\":\"EntryPoint\",\"urlTemplate\":\"https:\/\/vahitmutlu.com.tr\/en\/?s={search_term_string}\"},\"query-input\":\"required name=search_term_string\"}],\"inLanguage\":\"en-US\"},{\"@type\":\"Organization\",\"@id\":\"https:\/\/vahitmutlu.com.tr\/en\/#organization\",\"name\":\"Op. Dr. Vahit Mutlu\",\"url\":\"https:\/\/vahitmutlu.com.tr\/en\/\",\"logo\":{\"@type\":\"ImageObject\",\"inLanguage\":\"en-US\",\"@id\":\"https:\/\/vahitmutlu.com.tr\/en\/#\/schema\/logo\/image\/\",\"url\":\"https:\/\/vahitmutlu.com.tr\/wp-content\/uploads\/2023\/12\/cropped-vahit-mutlu-yeni-logo.png\",\"contentUrl\":\"https:\/\/vahitmutlu.com.tr\/wp-content\/uploads\/2023\/12\/cropped-vahit-mutlu-yeni-logo.png\",\"width\":850,\"height\":206,\"caption\":\"Op. Dr. Vahit Mutlu\"},\"image\":{\"@id\":\"https:\/\/vahitmutlu.com.tr\/en\/#\/schema\/logo\/image\/\"}}]}<\/script>\n<!-- \/ Yoast SEO plugin. -->","yoast_head_json":{"title":"Obesity and Health Blog - Op. Dr. Vahit Mutlu","description":"Welcome to our blog on Obesity and Healthy Living, filled with information. Take steps towards a healthy lifestyle with expert advice and current articles.","robots":{"index":"index","follow":"follow","max-snippet":"max-snippet:-1","max-image-preview":"max-image-preview:large","max-video-preview":"max-video-preview:-1"},"canonical":"https:\/\/vahitmutlu.com.tr\/en\/blog\/","og_locale":"en_US","og_type":"article","og_title":"Obesity and Health Blog - Op. Dr. Vahit Mutlu","og_description":"Welcome to our blog on Obesity and Healthy Living, filled with information. Take steps towards a healthy lifestyle with expert advice and current articles.","og_url":"https:\/\/vahitmutlu.com.tr\/en\/blog\/","og_site_name":"Op. Dr. Vahit Mutlu","article_modified_time":"2024-07-04T19:29:52+00:00","og_image":[{"url":"https:\/\/vahitmutlu.com.tr\/wp-content\/uploads\/2024\/02\/Ozofagus-Kanseri-960x750.webp"}],"twitter_card":"summary_large_image","twitter_misc":{"Est. reading time":"2 minutes"},"schema":{"@context":"https:\/\/schema.org","@graph":[{"@type":"WebPage","@id":"https:\/\/vahitmutlu.com.tr\/en\/blog\/","url":"https:\/\/vahitmutlu.com.tr\/en\/blog\/","name":"Obesity and Health Blog - Op. Dr. Vahit Mutlu","isPartOf":{"@id":"https:\/\/vahitmutlu.com.tr\/en\/#website"},"datePublished":"2023-12-10T14:15:26+00:00","dateModified":"2024-07-04T19:29:52+00:00","description":"Welcome to our blog on Obesity and Healthy Living, filled with information. Take steps towards a healthy lifestyle with expert advice and current articles.","breadcrumb":{"@id":"https:\/\/vahitmutlu.com.tr\/en\/blog\/#breadcrumb"},"inLanguage":"en-US","potentialAction":[{"@type":"ReadAction","target":["https:\/\/vahitmutlu.com.tr\/en\/blog\/"]}]},{"@type":"BreadcrumbList","@id":"https:\/\/vahitmutlu.com.tr\/en\/blog\/#breadcrumb","itemListElement":[{"@type":"ListItem","position":1,"name":"Home","item":"https:\/\/vahitmutlu.com.tr\/en\/"},{"@type":"ListItem","position":2,"name":"Blog"}]},{"@type":"WebSite","@id":"https:\/\/vahitmutlu.com.tr\/en\/#website","url":"https:\/\/vahitmutlu.com.tr\/en\/","name":"Op. Dr. Vahit Mutlu","description":"","publisher":{"@id":"https:\/\/vahitmutlu.com.tr\/en\/#organization"},"potentialAction":[{"@type":"SearchAction","target":{"@type":"EntryPoint","urlTemplate":"https:\/\/vahitmutlu.com.tr\/en\/?s={search_term_string}"},"query-input":"required name=search_term_string"}],"inLanguage":"en-US"},{"@type":"Organization","@id":"https:\/\/vahitmutlu.com.tr\/en\/#organization","name":"Op. Dr. Vahit Mutlu","url":"https:\/\/vahitmutlu.com.tr\/en\/","logo":{"@type":"ImageObject","inLanguage":"en-US","@id":"https:\/\/vahitmutlu.com.tr\/en\/#\/schema\/logo\/image\/","url":"https:\/\/vahitmutlu.com.tr\/wp-content\/uploads\/2023\/12\/cropped-vahit-mutlu-yeni-logo.png","contentUrl":"https:\/\/vahitmutlu.com.tr\/wp-content\/uploads\/2023\/12\/cropped-vahit-mutlu-yeni-logo.png","width":850,"height":206,"caption":"Op. Dr. Vahit Mutlu"},"image":{"@id":"https:\/\/vahitmutlu.com.tr\/en\/#\/schema\/logo\/image\/"}}]}},"_links":{"self":[{"href":"https:\/\/vahitmutlu.com.tr\/en\/wp-json\/wp\/v2\/pages\/2365","targetHints":{"allow":["GET"]}}],"collection":[{"href":"https:\/\/vahitmutlu.com.tr\/en\/wp-json\/wp\/v2\/pages"}],"about":[{"href":"https:\/\/vahitmutlu.com.tr\/en\/wp-json\/wp\/v2\/types\/page"}],"author":[{"embeddable":true,"href":"https:\/\/vahitmutlu.com.tr\/en\/wp-json\/wp\/v2\/users\/1"}],"replies":[{"embeddable":true,"href":"https:\/\/vahitmutlu.com.tr\/en\/wp-json\/wp\/v2\/comments?post=2365"}],"version-history":[{"count":1,"href":"https:\/\/vahitmutlu.com.tr\/en\/wp-json\/wp\/v2\/pages\/2365\/revisions"}],"predecessor-version":[{"id":2546,"href":"https:\/\/vahitmutlu.com.tr\/en\/wp-json\/wp\/v2\/pages\/2365\/revisions\/2546"}],"wp:attachment":[{"href":"https:\/\/vahitmutlu.com.tr\/en\/wp-json\/wp\/v2\/media?parent=2365"}],"curies":[{"name":"wp","href":"https:\/\/api.w.org\/{rel}","templated":true}]}}